{"id":1224,"date":"2023-10-16T16:42:35","date_gmt":"2023-10-16T16:42:35","guid":{"rendered":"https:\/\/www.kk-krnov.cz\/?page_id=1224"},"modified":"2023-10-16T16:44:39","modified_gmt":"2023-10-16T16:44:39","slug":"piskovani","status":"publish","type":"page","link":"https:\/\/www.kk-krnov.cz\/?page_id=1224","title":{"rendered":"P\u00edskov\u00e1n\u00ed"},"content":{"rendered":"\t\t<div data-elementor-type=\"wp-page\" data-elementor-id=\"1224\" class=\"elementor elementor-1224\">\n\t\t\t\t\t\t<section class=\"elementor-section elementor-top-section elementor-element elementor-element-308b805 elementor-section-boxed elementor-section-height-default elementor-section-height-default\" data-id=\"308b805\" data-element_type=\"section\" data-e-type=\"section\">\n\t\t\t\t\t\t<div class=\"elementor-container elementor-column-gap-default\">\n\t\t\t\t\t<div class=\"elementor-column elementor-col-100 elementor-top-column elementor-element elementor-element-802afaa\" data-id=\"802afaa\" data-element_type=\"column\" data-e-type=\"column\">\n\t\t\t<div class=\"elementor-widget-wrap elementor-element-populated\">\n\t\t\t\t\t\t<div class=\"elementor-element elementor-element-90e3ceb elementor-widget elementor-widget-heading\" data-id=\"90e3ceb\" data-element_type=\"widget\" data-e-type=\"widget\" data-widget_type=\"heading.default\">\n\t\t\t\t<div class=\"elementor-widget-container\">\n\t\t\t\t\t<h2 class=\"elementor-heading-title elementor-size-default\">P\u00edskov\u00e1n\u00ed<\/h2>\t\t\t\t<\/div>\n\t\t\t\t<\/div>\n\t\t\t\t\t<\/div>\n\t\t<\/div>\n\t\t\t\t\t<\/div>\n\t\t<\/section>\n\t\t\t\t<section class=\"elementor-section elementor-top-section elementor-element elementor-element-238c1e5 elementor-section-boxed elementor-section-height-default elementor-section-height-default\" data-id=\"238c1e5\" data-element_type=\"section\" data-e-type=\"section\">\n\t\t\t\t\t\t<div class=\"elementor-container elementor-column-gap-default\">\n\t\t\t\t\t<div class=\"elementor-column elementor-col-33 elementor-top-column elementor-element elementor-element-af0f2c0\" data-id=\"af0f2c0\" data-element_type=\"column\" data-e-type=\"column\">\n\t\t\t<div class=\"elementor-widget-wrap elementor-element-populated\">\n\t\t\t\t\t\t<div class=\"elementor-element elementor-element-7220823 elementor-widget elementor-widget-image\" data-id=\"7220823\" data-element_type=\"widget\" data-e-type=\"widget\" data-widget_type=\"image.default\">\n\t\t\t\t<div class=\"elementor-widget-container\">\n\t\t\t\t\t\t\t\t\t\t\t\t\t\t\t<img fetchpriority=\"high\" decoding=\"async\" width=\"943\" height=\"1024\" src=\"https:\/\/www.kk-krnov.cz\/wp-content\/uploads\/2023\/09\/1803a449-273b-4399-bc84-47a1bdde8111-943x1024.png\" class=\"attachment-large size-large wp-image-1132\" alt=\"\" srcset=\"https:\/\/www.kk-krnov.cz\/wp-content\/uploads\/2023\/09\/1803a449-273b-4399-bc84-47a1bdde8111-943x1024.png 943w, https:\/\/www.kk-krnov.cz\/wp-content\/uploads\/2023\/09\/1803a449-273b-4399-bc84-47a1bdde8111-276x300.png 276w, https:\/\/www.kk-krnov.cz\/wp-content\/uploads\/2023\/09\/1803a449-273b-4399-bc84-47a1bdde8111-768x834.png 768w, https:\/\/www.kk-krnov.cz\/wp-content\/uploads\/2023\/09\/1803a449-273b-4399-bc84-47a1bdde8111-1414x1536.png 1414w, https:\/\/www.kk-krnov.cz\/wp-content\/uploads\/2023\/09\/1803a449-273b-4399-bc84-47a1bdde8111-1885x2048.png 1885w, https:\/\/www.kk-krnov.cz\/wp-content\/uploads\/2023\/09\/1803a449-273b-4399-bc84-47a1bdde8111.png 1920w\" sizes=\"(max-width: 943px) 100vw, 943px\" \/>\t\t\t\t\t\t\t\t\t\t\t\t\t\t\t<\/div>\n\t\t\t\t<\/div>\n\t\t\t\t\t<\/div>\n\t\t<\/div>\n\t\t\t\t<div class=\"elementor-column elementor-col-66 elementor-top-column elementor-element elementor-element-5226809\" data-id=\"5226809\" data-element_type=\"column\" data-e-type=\"column\">\n\t\t\t<div class=\"elementor-widget-wrap elementor-element-populated\">\n\t\t\t\t\t\t<div class=\"elementor-element elementor-element-dd3909c elementor-widget elementor-widget-text-editor\" data-id=\"dd3909c\" data-element_type=\"widget\" data-e-type=\"widget\" data-widget_type=\"text-editor.default\">\n\t\t\t\t<div class=\"elementor-widget-container\">\n\t\t\t\t\t\t\t\t\t<ul><li>Zdoben\u00ed skla p\u00edskov\u00e1n\u00edm &#8211; vybrou\u0161en\u00ed povrchu p\u0159es vytvo\u0159enou \u0161ablonu<\/li><li>\u010di\u0161t\u011bn\u00ed p\u0159edm\u011bt\u016f<\/li><li>zna\u010den\u00ed p\u0159edm\u011bt\u016f nebo d\u00edl\u016f<\/li><li>jde o mechanick\u00e9 obrou\u0161en\u00ed povrchov\u00e9 vrstvy &#8211; neodstraniteln\u00e9, nesmazateln\u00e9<\/li><li>n\u00ed\u017ee op\u011bt p\u00e1r uk\u00e1zek<\/li><\/ul>\t\t\t\t\t\t\t\t<\/div>\n\t\t\t\t<\/div>\n\t\t\t\t\t<\/div>\n\t\t<\/div>\n\t\t\t\t\t<\/div>\n\t\t<\/section>\n\t\t\t\t<section class=\"elementor-section elementor-top-section elementor-element elementor-element-af9a37e elementor-section-boxed elementor-section-height-default elementor-section-height-default\" data-id=\"af9a37e\" data-element_type=\"section\" data-e-type=\"section\">\n\t\t\t\t\t\t<div class=\"elementor-container elementor-column-gap-default\">\n\t\t\t\t\t<div class=\"elementor-column elementor-col-100 elementor-top-column elementor-element elementor-element-1eca8a0\" data-id=\"1eca8a0\" data-element_type=\"column\" data-e-type=\"column\">\n\t\t\t<div class=\"elementor-widget-wrap elementor-element-populated\">\n\t\t\t\t\t\t<div class=\"elementor-element elementor-element-6922bfe elementor-widget elementor-widget-image-gallery\" data-id=\"6922bfe\" data-element_type=\"widget\" data-e-type=\"widget\" data-widget_type=\"image-gallery.default\">\n\t\t\t\t<div class=\"elementor-widget-container\">\n\t\t\t\t\t\t\t<div class=\"elementor-image-gallery\">\n\t\t\t<div id='gallery-1' class='gallery galleryid-1224 gallery-columns-3 gallery-size-thumbnail'><figure class='gallery-item'>\n\t\t\t<div class='gallery-icon portrait'>\n\t\t\t\t<a data-elementor-open-lightbox=\"yes\" data-elementor-lightbox-slideshow=\"6922bfe\" data-elementor-lightbox-title=\"IMG_20220922_175557\" data-e-action-hash=\"#elementor-action%3Aaction%3Dlightbox%26settings%3DeyJpZCI6NDA4LCJ1cmwiOiJodHRwczpcL1wvd3d3LmtrLWtybm92LmN6XC93cC1jb250ZW50XC91cGxvYWRzXC8yMDIyXC8wOVwvSU1HXzIwMjIwOTIyXzE3NTU1Ny1zY2FsZWQtZTE2NjM5MTM5NzAxNjAuanBnIiwic2xpZGVzaG93IjoiNjkyMmJmZSJ9\" href='https:\/\/www.kk-krnov.cz\/wp-content\/uploads\/2022\/09\/IMG_20220922_175557-scaled-e1663913970160.jpg'><img decoding=\"async\" width=\"150\" height=\"150\" src=\"https:\/\/www.kk-krnov.cz\/wp-content\/uploads\/2022\/09\/IMG_20220922_175557-scaled-e1663913970160-150x150.jpg\" class=\"attachment-thumbnail size-thumbnail\" alt=\"\" aria-describedby=\"gallery-1-408\" srcset=\"https:\/\/www.kk-krnov.cz\/wp-content\/uploads\/2022\/09\/IMG_20220922_175557-scaled-e1663913970160-150x150.jpg 150w, https:\/\/www.kk-krnov.cz\/wp-content\/uploads\/2022\/09\/IMG_20220922_175557-scaled-e1663913970160-300x300.jpg 300w, https:\/\/www.kk-krnov.cz\/wp-content\/uploads\/2022\/09\/IMG_20220922_175557-scaled-e1663913970160-100x100.jpg 100w\" sizes=\"(max-width: 150px) 100vw, 150px\" \/><\/a>\n\t\t\t<\/div>\n\t\t\t\t<figcaption class='wp-caption-text gallery-caption' id='gallery-1-408'>\n\t\t\t\tLahev s v\u011bnov\u00e1n\u00edm\n\t\t\t\t<\/figcaption><\/figure><figure class='gallery-item'>\n\t\t\t<div class='gallery-icon portrait'>\n\t\t\t\t<a data-elementor-open-lightbox=\"yes\" data-elementor-lightbox-slideshow=\"6922bfe\" data-elementor-lightbox-title=\"IMG_20220920_153210\" data-e-action-hash=\"#elementor-action%3Aaction%3Dlightbox%26settings%3DeyJpZCI6Mzk3LCJ1cmwiOiJodHRwczpcL1wvd3d3LmtrLWtybm92LmN6XC93cC1jb250ZW50XC91cGxvYWRzXC8yMDIyXC8wOVwvSU1HXzIwMjIwOTIwXzE1MzIxMC1zY2FsZWQuanBnIiwic2xpZGVzaG93IjoiNjkyMmJmZSJ9\" href='https:\/\/www.kk-krnov.cz\/wp-content\/uploads\/2022\/09\/IMG_20220920_153210-scaled.jpg'><img decoding=\"async\" width=\"150\" height=\"150\" src=\"https:\/\/www.kk-krnov.cz\/wp-content\/uploads\/2022\/09\/IMG_20220920_153210-150x150.jpg\" class=\"attachment-thumbnail size-thumbnail\" alt=\"\" aria-describedby=\"gallery-1-397\" srcset=\"https:\/\/www.kk-krnov.cz\/wp-content\/uploads\/2022\/09\/IMG_20220920_153210-150x150.jpg 150w, https:\/\/www.kk-krnov.cz\/wp-content\/uploads\/2022\/09\/IMG_20220920_153210-300x300.jpg 300w, https:\/\/www.kk-krnov.cz\/wp-content\/uploads\/2022\/09\/IMG_20220920_153210-100x100.jpg 100w\" sizes=\"(max-width: 150px) 100vw, 150px\" \/><\/a>\n\t\t\t<\/div>\n\t\t\t\t<figcaption class='wp-caption-text gallery-caption' id='gallery-1-397'>\n\t\t\t\tOdlivky\n\t\t\t\t<\/figcaption><\/figure><figure class='gallery-item'>\n\t\t\t<div class='gallery-icon portrait'>\n\t\t\t\t<a data-elementor-open-lightbox=\"yes\" data-elementor-lightbox-slideshow=\"6922bfe\" data-elementor-lightbox-title=\"IMG_20220920_153055\" data-e-action-hash=\"#elementor-action%3Aaction%3Dlightbox%26settings%3DeyJpZCI6Mzk0LCJ1cmwiOiJodHRwczpcL1wvd3d3LmtrLWtybm92LmN6XC93cC1jb250ZW50XC91cGxvYWRzXC8yMDIyXC8wOVwvSU1HXzIwMjIwOTIwXzE1MzA1NS1zY2FsZWQuanBnIiwic2xpZGVzaG93IjoiNjkyMmJmZSJ9\" href='https:\/\/www.kk-krnov.cz\/wp-content\/uploads\/2022\/09\/IMG_20220920_153055-scaled.jpg'><img loading=\"lazy\" decoding=\"async\" width=\"150\" height=\"150\" src=\"https:\/\/www.kk-krnov.cz\/wp-content\/uploads\/2022\/09\/IMG_20220920_153055-150x150.jpg\" class=\"attachment-thumbnail size-thumbnail\" alt=\"\" aria-describedby=\"gallery-1-394\" srcset=\"https:\/\/www.kk-krnov.cz\/wp-content\/uploads\/2022\/09\/IMG_20220920_153055-150x150.jpg 150w, https:\/\/www.kk-krnov.cz\/wp-content\/uploads\/2022\/09\/IMG_20220920_153055-300x300.jpg 300w, https:\/\/www.kk-krnov.cz\/wp-content\/uploads\/2022\/09\/IMG_20220920_153055-100x100.jpg 100w\" sizes=\"(max-width: 150px) 100vw, 150px\" \/><\/a>\n\t\t\t<\/div>\n\t\t\t\t<figcaption class='wp-caption-text gallery-caption' id='gallery-1-394'>\n\t\t\t\tOdlivky\n\t\t\t\t<\/figcaption><\/figure>\n\t\t<\/div>\n\t\t<\/div>\n\t\t\t\t\t\t<\/div>\n\t\t\t\t<\/div>\n\t\t\t\t\t<\/div>\n\t\t<\/div>\n\t\t\t\t\t<\/div>\n\t\t<\/section>\n\t\t\t\t<\/div>\n\t\t","protected":false},"excerpt":{"rendered":"<p>P\u00edskov\u00e1n\u00ed Zdoben\u00ed skla p\u00edskov\u00e1n\u00edm &#8211; vybrou\u0161en\u00ed povrchu p\u0159es vytvo\u0159enou \u0161ablonu \u010di\u0161t\u011bn\u00ed p\u0159edm\u011bt\u016f zna\u010den\u00ed p\u0159edm\u011bt\u016f nebo d\u00edl\u016f jde o mechanick\u00e9 obrou\u0161en\u00ed povrchov\u00e9 vrstvy &#8211; neodstraniteln\u00e9, nesmazateln\u00e9 n\u00ed\u017ee op\u011bt p\u00e1r uk\u00e1zek Lahev s v\u011bnov\u00e1n\u00edm Odlivky Odlivky<\/p>\n","protected":false},"author":1,"featured_media":0,"parent":1113,"menu_order":0,"comment_status":"closed","ping_status":"closed","template":"","meta":{"footnotes":""},"class_list":["post-1224","page","type-page","status-publish","hentry"],"yoast_head":"<!-- This site is optimized with the Yoast SEO plugin v23.0 - https:\/\/yoast.com\/wordpress\/plugins\/seo\/ -->\n<title>P\u00edskov\u00e1n\u00ed - www.kk-krnov.cz<\/title>\n<meta name=\"robots\" content=\"index, follow, max-snippet:-1, max-image-preview:large, max-video-preview:-1\" \/>\n<link rel=\"canonical\" href=\"https:\/\/www.kk-krnov.cz\/?page_id=1224\" \/>\n<meta property=\"og:locale\" content=\"cs_CZ\" \/>\n<meta property=\"og:type\" content=\"article\" \/>\n<meta property=\"og:title\" content=\"P\u00edskov\u00e1n\u00ed - www.kk-krnov.cz\" \/>\n<meta property=\"og:description\" content=\"P\u00edskov\u00e1n\u00ed Zdoben\u00ed skla p\u00edskov\u00e1n\u00edm &#8211; vybrou\u0161en\u00ed povrchu p\u0159es vytvo\u0159enou \u0161ablonu \u010di\u0161t\u011bn\u00ed p\u0159edm\u011bt\u016f zna\u010den\u00ed p\u0159edm\u011bt\u016f nebo d\u00edl\u016f jde o mechanick\u00e9 obrou\u0161en\u00ed povrchov\u00e9 vrstvy &#8211; neodstraniteln\u00e9, nesmazateln\u00e9 n\u00ed\u017ee op\u011bt p\u00e1r uk\u00e1zek Lahev s v\u011bnov\u00e1n\u00edm Odlivky Odlivky\" \/>\n<meta property=\"og:url\" content=\"https:\/\/www.kk-krnov.cz\/?page_id=1224\" \/>\n<meta property=\"og:site_name\" content=\"www.kk-krnov.cz\" \/>\n<meta property=\"article:publisher\" content=\"https:\/\/www.facebook.com\/martin.jakubik.391\/\" \/>\n<meta property=\"article:modified_time\" content=\"2023-10-16T16:44:39+00:00\" \/>\n<meta property=\"og:image\" content=\"http:\/\/www.kk-krnov.cz\/wp-content\/uploads\/2023\/09\/1803a449-273b-4399-bc84-47a1bdde8111-943x1024.png\" \/>\n<meta name=\"twitter:card\" content=\"summary_large_image\" \/>\n<meta name=\"twitter:label1\" content=\"Odhadovan\u00e1 doba \u010dten\u00ed\" \/>\n\t<meta name=\"twitter:data1\" content=\"1 minuta\" \/>\n<script type=\"application\/ld+json\" class=\"yoast-schema-graph\">{\"@context\":\"https:\/\/schema.org\",\"@graph\":[{\"@type\":\"WebPage\",\"@id\":\"https:\/\/www.kk-krnov.cz\/?page_id=1224\",\"url\":\"https:\/\/www.kk-krnov.cz\/?page_id=1224\",\"name\":\"P\u00edskov\u00e1n\u00ed - www.kk-krnov.cz\",\"isPartOf\":{\"@id\":\"https:\/\/www.kk-krnov.cz\/#website\"},\"primaryImageOfPage\":{\"@id\":\"https:\/\/www.kk-krnov.cz\/?page_id=1224#primaryimage\"},\"image\":{\"@id\":\"https:\/\/www.kk-krnov.cz\/?page_id=1224#primaryimage\"},\"thumbnailUrl\":\"http:\/\/www.kk-krnov.cz\/wp-content\/uploads\/2023\/09\/1803a449-273b-4399-bc84-47a1bdde8111-943x1024.png\",\"datePublished\":\"2023-10-16T16:42:35+00:00\",\"dateModified\":\"2023-10-16T16:44:39+00:00\",\"breadcrumb\":{\"@id\":\"https:\/\/www.kk-krnov.cz\/?page_id=1224#breadcrumb\"},\"inLanguage\":\"cs\",\"potentialAction\":[{\"@type\":\"ReadAction\",\"target\":[\"https:\/\/www.kk-krnov.cz\/?page_id=1224\"]}]},{\"@type\":\"ImageObject\",\"inLanguage\":\"cs\",\"@id\":\"https:\/\/www.kk-krnov.cz\/?page_id=1224#primaryimage\",\"url\":\"https:\/\/www.kk-krnov.cz\/wp-content\/uploads\/2023\/09\/1803a449-273b-4399-bc84-47a1bdde8111.png\",\"contentUrl\":\"https:\/\/www.kk-krnov.cz\/wp-content\/uploads\/2023\/09\/1803a449-273b-4399-bc84-47a1bdde8111.png\",\"width\":1920,\"height\":2086},{\"@type\":\"BreadcrumbList\",\"@id\":\"https:\/\/www.kk-krnov.cz\/?page_id=1224#breadcrumb\",\"itemListElement\":[{\"@type\":\"ListItem\",\"position\":1,\"name\":\"Dom\u016f\",\"item\":\"https:\/\/www.kk-krnov.cz\/\"},{\"@type\":\"ListItem\",\"position\":2,\"name\":\"KK-Dekor &#8211; v\u00fdroba dekora\u010dn\u00edch a u\u017eitn\u00fdch p\u0159edm\u011bt\u016f\",\"item\":\"https:\/\/www.kk-krnov.cz\/?page_id=1113\"},{\"@type\":\"ListItem\",\"position\":3,\"name\":\"P\u00edskov\u00e1n\u00ed\"}]},{\"@type\":\"WebSite\",\"@id\":\"https:\/\/www.kk-krnov.cz\/#website\",\"url\":\"https:\/\/www.kk-krnov.cz\/\",\"name\":\"www.kk-krnov.cz\",\"description\":\"Zak\u00e1zkov\u00e1 v\u00fdroba speci\u00e1ln\u00edch stroj\u016f a dekora\u010dn\u00edch p\u0159edm\u011bt\u016f na m\u00edru\",\"publisher\":{\"@id\":\"https:\/\/www.kk-krnov.cz\/#organization\"},\"potentialAction\":[{\"@type\":\"SearchAction\",\"target\":{\"@type\":\"EntryPoint\",\"urlTemplate\":\"https:\/\/www.kk-krnov.cz\/?s={search_term_string}\"},\"query-input\":\"required name=search_term_string\"}],\"inLanguage\":\"cs\"},{\"@type\":\"Organization\",\"@id\":\"https:\/\/www.kk-krnov.cz\/#organization\",\"name\":\"Martin Jakub\u00edk\",\"url\":\"https:\/\/www.kk-krnov.cz\/\",\"logo\":{\"@type\":\"ImageObject\",\"inLanguage\":\"cs\",\"@id\":\"https:\/\/www.kk-krnov.cz\/#\/schema\/logo\/image\/\",\"url\":\"https:\/\/www.kk-krnov.cz\/wp-content\/uploads\/2023\/09\/logo-martin-jakubik.png\",\"contentUrl\":\"https:\/\/www.kk-krnov.cz\/wp-content\/uploads\/2023\/09\/logo-martin-jakubik.png\",\"width\":530,\"height\":247,\"caption\":\"Martin Jakub\u00edk\"},\"image\":{\"@id\":\"https:\/\/www.kk-krnov.cz\/#\/schema\/logo\/image\/\"},\"sameAs\":[\"https:\/\/www.facebook.com\/martin.jakubik.391\/\"]}]}<\/script>\n<!-- \/ Yoast SEO plugin. -->","yoast_head_json":{"title":"P\u00edskov\u00e1n\u00ed - www.kk-krnov.cz","robots":{"index":"index","follow":"follow","max-snippet":"max-snippet:-1","max-image-preview":"max-image-preview:large","max-video-preview":"max-video-preview:-1"},"canonical":"https:\/\/www.kk-krnov.cz\/?page_id=1224","og_locale":"cs_CZ","og_type":"article","og_title":"P\u00edskov\u00e1n\u00ed - www.kk-krnov.cz","og_description":"P\u00edskov\u00e1n\u00ed Zdoben\u00ed skla p\u00edskov\u00e1n\u00edm &#8211; vybrou\u0161en\u00ed povrchu p\u0159es vytvo\u0159enou \u0161ablonu \u010di\u0161t\u011bn\u00ed p\u0159edm\u011bt\u016f zna\u010den\u00ed p\u0159edm\u011bt\u016f nebo d\u00edl\u016f jde o mechanick\u00e9 obrou\u0161en\u00ed povrchov\u00e9 vrstvy &#8211; neodstraniteln\u00e9, nesmazateln\u00e9 n\u00ed\u017ee op\u011bt p\u00e1r uk\u00e1zek Lahev s v\u011bnov\u00e1n\u00edm Odlivky Odlivky","og_url":"https:\/\/www.kk-krnov.cz\/?page_id=1224","og_site_name":"www.kk-krnov.cz","article_publisher":"https:\/\/www.facebook.com\/martin.jakubik.391\/","article_modified_time":"2023-10-16T16:44:39+00:00","og_image":[{"url":"http:\/\/www.kk-krnov.cz\/wp-content\/uploads\/2023\/09\/1803a449-273b-4399-bc84-47a1bdde8111-943x1024.png"}],"twitter_card":"summary_large_image","twitter_misc":{"Odhadovan\u00e1 doba \u010dten\u00ed":"1 minuta"},"schema":{"@context":"https:\/\/schema.org","@graph":[{"@type":"WebPage","@id":"https:\/\/www.kk-krnov.cz\/?page_id=1224","url":"https:\/\/www.kk-krnov.cz\/?page_id=1224","name":"P\u00edskov\u00e1n\u00ed - www.kk-krnov.cz","isPartOf":{"@id":"https:\/\/www.kk-krnov.cz\/#website"},"primaryImageOfPage":{"@id":"https:\/\/www.kk-krnov.cz\/?page_id=1224#primaryimage"},"image":{"@id":"https:\/\/www.kk-krnov.cz\/?page_id=1224#primaryimage"},"thumbnailUrl":"http:\/\/www.kk-krnov.cz\/wp-content\/uploads\/2023\/09\/1803a449-273b-4399-bc84-47a1bdde8111-943x1024.png","datePublished":"2023-10-16T16:42:35+00:00","dateModified":"2023-10-16T16:44:39+00:00","breadcrumb":{"@id":"https:\/\/www.kk-krnov.cz\/?page_id=1224#breadcrumb"},"inLanguage":"cs","potentialAction":[{"@type":"ReadAction","target":["https:\/\/www.kk-krnov.cz\/?page_id=1224"]}]},{"@type":"ImageObject","inLanguage":"cs","@id":"https:\/\/www.kk-krnov.cz\/?page_id=1224#primaryimage","url":"https:\/\/www.kk-krnov.cz\/wp-content\/uploads\/2023\/09\/1803a449-273b-4399-bc84-47a1bdde8111.png","contentUrl":"https:\/\/www.kk-krnov.cz\/wp-content\/uploads\/2023\/09\/1803a449-273b-4399-bc84-47a1bdde8111.png","width":1920,"height":2086},{"@type":"BreadcrumbList","@id":"https:\/\/www.kk-krnov.cz\/?page_id=1224#breadcrumb","itemListElement":[{"@type":"ListItem","position":1,"name":"Dom\u016f","item":"https:\/\/www.kk-krnov.cz\/"},{"@type":"ListItem","position":2,"name":"KK-Dekor &#8211; v\u00fdroba dekora\u010dn\u00edch a u\u017eitn\u00fdch p\u0159edm\u011bt\u016f","item":"https:\/\/www.kk-krnov.cz\/?page_id=1113"},{"@type":"ListItem","position":3,"name":"P\u00edskov\u00e1n\u00ed"}]},{"@type":"WebSite","@id":"https:\/\/www.kk-krnov.cz\/#website","url":"https:\/\/www.kk-krnov.cz\/","name":"www.kk-krnov.cz","description":"Zak\u00e1zkov\u00e1 v\u00fdroba speci\u00e1ln\u00edch stroj\u016f a dekora\u010dn\u00edch p\u0159edm\u011bt\u016f na m\u00edru","publisher":{"@id":"https:\/\/www.kk-krnov.cz\/#organization"},"potentialAction":[{"@type":"SearchAction","target":{"@type":"EntryPoint","urlTemplate":"https:\/\/www.kk-krnov.cz\/?s={search_term_string}"},"query-input":"required name=search_term_string"}],"inLanguage":"cs"},{"@type":"Organization","@id":"https:\/\/www.kk-krnov.cz\/#organization","name":"Martin Jakub\u00edk","url":"https:\/\/www.kk-krnov.cz\/","logo":{"@type":"ImageObject","inLanguage":"cs","@id":"https:\/\/www.kk-krnov.cz\/#\/schema\/logo\/image\/","url":"https:\/\/www.kk-krnov.cz\/wp-content\/uploads\/2023\/09\/logo-martin-jakubik.png","contentUrl":"https:\/\/www.kk-krnov.cz\/wp-content\/uploads\/2023\/09\/logo-martin-jakubik.png","width":530,"height":247,"caption":"Martin Jakub\u00edk"},"image":{"@id":"https:\/\/www.kk-krnov.cz\/#\/schema\/logo\/image\/"},"sameAs":["https:\/\/www.facebook.com\/martin.jakubik.391\/"]}]}},"jetpack_sharing_enabled":true,"_links":{"self":[{"href":"https:\/\/www.kk-krnov.cz\/index.php?rest_route=\/wp\/v2\/pages\/1224","targetHints":{"allow":["GET"]}}],"collection":[{"href":"https:\/\/www.kk-krnov.cz\/index.php?rest_route=\/wp\/v2\/pages"}],"about":[{"href":"https:\/\/www.kk-krnov.cz\/index.php?rest_route=\/wp\/v2\/types\/page"}],"author":[{"embeddable":true,"href":"https:\/\/www.kk-krnov.cz\/index.php?rest_route=\/wp\/v2\/users\/1"}],"replies":[{"embeddable":true,"href":"https:\/\/www.kk-krnov.cz\/index.php?rest_route=%2Fwp%2Fv2%2Fcomments&post=1224"}],"version-history":[{"count":5,"href":"https:\/\/www.kk-krnov.cz\/index.php?rest_route=\/wp\/v2\/pages\/1224\/revisions"}],"predecessor-version":[{"id":1230,"href":"https:\/\/www.kk-krnov.cz\/index.php?rest_route=\/wp\/v2\/pages\/1224\/revisions\/1230"}],"up":[{"embeddable":true,"href":"https:\/\/www.kk-krnov.cz\/index.php?rest_route=\/wp\/v2\/pages\/1113"}],"wp:attachment":[{"href":"https:\/\/www.kk-krnov.cz\/index.php?rest_route=%2Fwp%2Fv2%2Fmedia&parent=1224"}],"curies":[{"name":"wp","href":"https:\/\/api.w.org\/{rel}","templated":true}]}}