{"id":1113,"date":"2023-09-28T13:19:00","date_gmt":"2023-09-28T13:19:00","guid":{"rendered":"https:\/\/www.kk-krnov.cz\/?page_id=1113"},"modified":"2023-10-16T17:07:06","modified_gmt":"2023-10-16T17:07:06","slug":"kk-dekor-vyroba-dekoracnich-a-uzitnych-predmetu","status":"publish","type":"page","link":"https:\/\/www.kk-krnov.cz\/?page_id=1113","title":{"rendered":"KK-Dekor &#8211; v\u00fdroba dekora\u010dn\u00edch a u\u017eitn\u00fdch p\u0159edm\u011bt\u016f"},"content":{"rendered":"\t\t<div data-elementor-type=\"wp-page\" data-elementor-id=\"1113\" class=\"elementor elementor-1113\">\n\t\t\t\t\t\t<section class=\"elementor-section elementor-top-section elementor-element elementor-element-50661c1 elementor-section-boxed elementor-section-height-default elementor-section-height-default\" data-id=\"50661c1\" data-element_type=\"section\" data-e-type=\"section\">\n\t\t\t\t\t\t<div class=\"elementor-container elementor-column-gap-default\">\n\t\t\t\t\t<div class=\"elementor-column elementor-col-100 elementor-top-column elementor-element elementor-element-0560f47\" data-id=\"0560f47\" data-element_type=\"column\" data-e-type=\"column\">\n\t\t\t<div class=\"elementor-widget-wrap elementor-element-populated\">\n\t\t\t\t\t\t<section class=\"elementor-section elementor-inner-section elementor-element elementor-element-9e721a5 elementor-section-boxed elementor-section-height-default elementor-section-height-default\" data-id=\"9e721a5\" data-element_type=\"section\" data-e-type=\"section\">\n\t\t\t\t\t\t<div class=\"elementor-container elementor-column-gap-default\">\n\t\t\t\t\t<div class=\"elementor-column elementor-col-33 elementor-inner-column elementor-element elementor-element-81cba41\" data-id=\"81cba41\" data-element_type=\"column\" data-e-type=\"column\">\n\t\t\t<div class=\"elementor-widget-wrap elementor-element-populated\">\n\t\t\t\t\t\t<div class=\"elementor-element elementor-element-096b4bf elementor-widget elementor-widget-heading\" data-id=\"096b4bf\" data-element_type=\"widget\" data-e-type=\"widget\" data-widget_type=\"heading.default\">\n\t\t\t\t<div class=\"elementor-widget-container\">\n\t\t\t\t\t<h2 class=\"elementor-heading-title elementor-size-default\"><a href=\"https:\/\/www.kk-krnov.cz\/?page_id=1114\">3D tisk<\/a><\/h2>\t\t\t\t<\/div>\n\t\t\t\t<\/div>\n\t\t\t\t\t<\/div>\n\t\t<\/div>\n\t\t\t\t<div class=\"elementor-column elementor-col-33 elementor-inner-column elementor-element elementor-element-530fd2a\" data-id=\"530fd2a\" data-element_type=\"column\" data-e-type=\"column\">\n\t\t\t<div class=\"elementor-widget-wrap elementor-element-populated\">\n\t\t\t\t\t\t<div class=\"elementor-element elementor-element-f6e66a9 elementor-widget elementor-widget-heading\" data-id=\"f6e66a9\" data-element_type=\"widget\" data-e-type=\"widget\" data-widget_type=\"heading.default\">\n\t\t\t\t<div class=\"elementor-widget-container\">\n\t\t\t\t\t<h2 class=\"elementor-heading-title elementor-size-default\"><a href=\"https:\/\/www.kk-krnov.cz\/?page_id=1224\">P\u00edskov\u00e1n\u00ed skla<\/a><\/h2>\t\t\t\t<\/div>\n\t\t\t\t<\/div>\n\t\t\t\t\t<\/div>\n\t\t<\/div>\n\t\t\t\t<div class=\"elementor-column elementor-col-33 elementor-inner-column elementor-element elementor-element-5e8f795\" data-id=\"5e8f795\" data-element_type=\"column\" data-e-type=\"column\">\n\t\t\t<div class=\"elementor-widget-wrap elementor-element-populated\">\n\t\t\t\t\t\t<div class=\"elementor-element elementor-element-2570db3 elementor-widget elementor-widget-heading\" data-id=\"2570db3\" data-element_type=\"widget\" data-e-type=\"widget\" data-widget_type=\"heading.default\">\n\t\t\t\t<div class=\"elementor-widget-container\">\n\t\t\t\t\t<h2 class=\"elementor-heading-title elementor-size-default\"><a href=\"https:\/\/www.kk-krnov.cz\/?page_id=1232\">Laserov\u00e9 grav\u00edrov\u00e1n\u00ed\n<\/a><\/h2>\t\t\t\t<\/div>\n\t\t\t\t<\/div>\n\t\t\t\t\t<\/div>\n\t\t<\/div>\n\t\t\t\t\t<\/div>\n\t\t<\/section>\n\t\t\t\t\t<\/div>\n\t\t<\/div>\n\t\t\t\t\t<\/div>\n\t\t<\/section>\n\t\t\t\t<section class=\"elementor-section elementor-top-section elementor-element elementor-element-74e6439 elementor-section-boxed elementor-section-height-default elementor-section-height-default\" data-id=\"74e6439\" data-element_type=\"section\" data-e-type=\"section\">\n\t\t\t\t\t\t<div class=\"elementor-container elementor-column-gap-default\">\n\t\t\t\t\t<div class=\"elementor-column elementor-col-33 elementor-top-column elementor-element elementor-element-be98efb\" data-id=\"be98efb\" data-element_type=\"column\" data-e-type=\"column\">\n\t\t\t<div class=\"elementor-widget-wrap elementor-element-populated\">\n\t\t\t\t\t\t<div class=\"elementor-element elementor-element-2e4e1fa elementor-widget elementor-widget-image\" data-id=\"2e4e1fa\" data-element_type=\"widget\" data-e-type=\"widget\" data-widget_type=\"image.default\">\n\t\t\t\t<div class=\"elementor-widget-container\">\n\t\t\t\t\t\t\t\t\t\t\t\t\t\t\t\t<a href=\"https:\/\/www.kk-krnov.cz\/?page_id=1114\">\n\t\t\t\t\t\t\t<img fetchpriority=\"high\" decoding=\"async\" width=\"768\" height=\"1024\" src=\"https:\/\/www.kk-krnov.cz\/wp-content\/uploads\/2022\/09\/IMG_20210118_153139-768x1024.jpg\" class=\"attachment-large size-large wp-image-92\" alt=\"\" srcset=\"https:\/\/www.kk-krnov.cz\/wp-content\/uploads\/2022\/09\/IMG_20210118_153139-768x1024.jpg 768w, https:\/\/www.kk-krnov.cz\/wp-content\/uploads\/2022\/09\/IMG_20210118_153139-225x300.jpg 225w, https:\/\/www.kk-krnov.cz\/wp-content\/uploads\/2022\/09\/IMG_20210118_153139-1152x1536.jpg 1152w, https:\/\/www.kk-krnov.cz\/wp-content\/uploads\/2022\/09\/IMG_20210118_153139-1536x2048.jpg 1536w, https:\/\/www.kk-krnov.cz\/wp-content\/uploads\/2022\/09\/IMG_20210118_153139-1320x1760.jpg 1320w, https:\/\/www.kk-krnov.cz\/wp-content\/uploads\/2022\/09\/IMG_20210118_153139-600x800.jpg 600w, https:\/\/www.kk-krnov.cz\/wp-content\/uploads\/2022\/09\/IMG_20210118_153139-scaled.jpg 1920w\" sizes=\"(max-width: 768px) 100vw, 768px\" \/>\t\t\t\t\t\t\t\t<\/a>\n\t\t\t\t\t\t\t\t\t\t\t\t\t\t\t<\/div>\n\t\t\t\t<\/div>\n\t\t\t\t\t<\/div>\n\t\t<\/div>\n\t\t\t\t<div class=\"elementor-column elementor-col-33 elementor-top-column elementor-element elementor-element-507e038\" data-id=\"507e038\" data-element_type=\"column\" data-e-type=\"column\">\n\t\t\t<div class=\"elementor-widget-wrap elementor-element-populated\">\n\t\t\t\t\t\t<div class=\"elementor-element elementor-element-c7e5409 elementor-widget elementor-widget-image\" data-id=\"c7e5409\" data-element_type=\"widget\" data-e-type=\"widget\" data-widget_type=\"image.default\">\n\t\t\t\t<div class=\"elementor-widget-container\">\n\t\t\t\t\t\t\t\t\t\t\t\t\t\t\t\t<a href=\"https:\/\/www.kk-krnov.cz\/?page_id=1224\">\n\t\t\t\t\t\t\t<img decoding=\"async\" width=\"943\" height=\"1024\" src=\"https:\/\/www.kk-krnov.cz\/wp-content\/uploads\/2023\/09\/1803a449-273b-4399-bc84-47a1bdde8111-943x1024.png\" class=\"attachment-large size-large wp-image-1132\" alt=\"\" srcset=\"https:\/\/www.kk-krnov.cz\/wp-content\/uploads\/2023\/09\/1803a449-273b-4399-bc84-47a1bdde8111-943x1024.png 943w, https:\/\/www.kk-krnov.cz\/wp-content\/uploads\/2023\/09\/1803a449-273b-4399-bc84-47a1bdde8111-276x300.png 276w, https:\/\/www.kk-krnov.cz\/wp-content\/uploads\/2023\/09\/1803a449-273b-4399-bc84-47a1bdde8111-768x834.png 768w, https:\/\/www.kk-krnov.cz\/wp-content\/uploads\/2023\/09\/1803a449-273b-4399-bc84-47a1bdde8111-1414x1536.png 1414w, https:\/\/www.kk-krnov.cz\/wp-content\/uploads\/2023\/09\/1803a449-273b-4399-bc84-47a1bdde8111-1885x2048.png 1885w, https:\/\/www.kk-krnov.cz\/wp-content\/uploads\/2023\/09\/1803a449-273b-4399-bc84-47a1bdde8111.png 1920w\" sizes=\"(max-width: 943px) 100vw, 943px\" \/>\t\t\t\t\t\t\t\t<\/a>\n\t\t\t\t\t\t\t\t\t\t\t\t\t\t\t<\/div>\n\t\t\t\t<\/div>\n\t\t\t\t\t<\/div>\n\t\t<\/div>\n\t\t\t\t<div class=\"elementor-column elementor-col-33 elementor-top-column elementor-element elementor-element-69d6d09\" data-id=\"69d6d09\" data-element_type=\"column\" data-e-type=\"column\">\n\t\t\t<div class=\"elementor-widget-wrap elementor-element-populated\">\n\t\t\t\t\t\t<div class=\"elementor-element elementor-element-eafa3a2 elementor-widget elementor-widget-image\" data-id=\"eafa3a2\" data-element_type=\"widget\" data-e-type=\"widget\" data-widget_type=\"image.default\">\n\t\t\t\t<div class=\"elementor-widget-container\">\n\t\t\t\t\t\t\t\t\t\t\t\t\t\t\t\t<a href=\"https:\/\/www.kk-krnov.cz\/?page_id=1232\">\n\t\t\t\t\t\t\t<img decoding=\"async\" width=\"742\" height=\"1024\" src=\"https:\/\/www.kk-krnov.cz\/wp-content\/uploads\/2022\/09\/IMG_20210823_185743-scaled-e1697472961260-742x1024.jpg\" class=\"attachment-large size-large wp-image-122\" alt=\"\" srcset=\"https:\/\/www.kk-krnov.cz\/wp-content\/uploads\/2022\/09\/IMG_20210823_185743-scaled-e1697472961260-742x1024.jpg 742w, https:\/\/www.kk-krnov.cz\/wp-content\/uploads\/2022\/09\/IMG_20210823_185743-scaled-e1697472961260-217x300.jpg 217w, https:\/\/www.kk-krnov.cz\/wp-content\/uploads\/2022\/09\/IMG_20210823_185743-scaled-e1697472961260-768x1060.jpg 768w, https:\/\/www.kk-krnov.cz\/wp-content\/uploads\/2022\/09\/IMG_20210823_185743-scaled-e1697472961260-1113x1536.jpg 1113w, https:\/\/www.kk-krnov.cz\/wp-content\/uploads\/2022\/09\/IMG_20210823_185743-scaled-e1697472961260-1484x2048.jpg 1484w, https:\/\/www.kk-krnov.cz\/wp-content\/uploads\/2022\/09\/IMG_20210823_185743-scaled-e1697472961260.jpg 1493w\" sizes=\"(max-width: 742px) 100vw, 742px\" \/>\t\t\t\t\t\t\t\t<\/a>\n\t\t\t\t\t\t\t\t\t\t\t\t\t\t\t<\/div>\n\t\t\t\t<\/div>\n\t\t\t\t\t<\/div>\n\t\t<\/div>\n\t\t\t\t\t<\/div>\n\t\t<\/section>\n\t\t\t\t<\/div>\n\t\t","protected":false},"excerpt":{"rendered":"<p>3D tisk P\u00edskov\u00e1n\u00ed skla Laserov\u00e9 grav\u00edrov\u00e1n\u00ed<\/p>\n","protected":false},"author":1,"featured_media":0,"parent":0,"menu_order":0,"comment_status":"closed","ping_status":"closed","template":"","meta":{"footnotes":""},"class_list":["post-1113","page","type-page","status-publish","hentry"],"yoast_head":"<!-- This site is optimized with the Yoast SEO plugin v23.0 - https:\/\/yoast.com\/wordpress\/plugins\/seo\/ -->\n<title>KK-Dekor - v\u00fdroba dekora\u010dn\u00edch a u\u017eitn\u00fdch p\u0159edm\u011bt\u016f - www.kk-krnov.cz<\/title>\n<meta name=\"robots\" content=\"index, follow, max-snippet:-1, max-image-preview:large, max-video-preview:-1\" \/>\n<link rel=\"canonical\" href=\"https:\/\/www.kk-krnov.cz\/?page_id=1113\" \/>\n<meta property=\"og:locale\" content=\"cs_CZ\" \/>\n<meta property=\"og:type\" content=\"article\" \/>\n<meta property=\"og:title\" content=\"KK-Dekor - v\u00fdroba dekora\u010dn\u00edch a u\u017eitn\u00fdch p\u0159edm\u011bt\u016f - www.kk-krnov.cz\" \/>\n<meta property=\"og:description\" content=\"3D tisk P\u00edskov\u00e1n\u00ed skla Laserov\u00e9 grav\u00edrov\u00e1n\u00ed\" \/>\n<meta property=\"og:url\" content=\"https:\/\/www.kk-krnov.cz\/?page_id=1113\" \/>\n<meta property=\"og:site_name\" content=\"www.kk-krnov.cz\" \/>\n<meta property=\"article:publisher\" content=\"https:\/\/www.facebook.com\/martin.jakubik.391\/\" \/>\n<meta property=\"article:modified_time\" content=\"2023-10-16T17:07:06+00:00\" \/>\n<meta property=\"og:image\" content=\"http:\/\/www.kk-krnov.cz\/wp-content\/uploads\/2022\/09\/IMG_20210118_153139-768x1024.jpg\" \/>\n<meta name=\"twitter:card\" content=\"summary_large_image\" \/>\n<meta name=\"twitter:label1\" content=\"Odhadovan\u00e1 doba \u010dten\u00ed\" \/>\n\t<meta name=\"twitter:data1\" content=\"1 minuta\" \/>\n<script type=\"application\/ld+json\" class=\"yoast-schema-graph\">{\"@context\":\"https:\/\/schema.org\",\"@graph\":[{\"@type\":\"WebPage\",\"@id\":\"https:\/\/www.kk-krnov.cz\/?page_id=1113\",\"url\":\"https:\/\/www.kk-krnov.cz\/?page_id=1113\",\"name\":\"KK-Dekor - v\u00fdroba dekora\u010dn\u00edch a u\u017eitn\u00fdch p\u0159edm\u011bt\u016f - www.kk-krnov.cz\",\"isPartOf\":{\"@id\":\"https:\/\/www.kk-krnov.cz\/#website\"},\"primaryImageOfPage\":{\"@id\":\"https:\/\/www.kk-krnov.cz\/?page_id=1113#primaryimage\"},\"image\":{\"@id\":\"https:\/\/www.kk-krnov.cz\/?page_id=1113#primaryimage\"},\"thumbnailUrl\":\"http:\/\/www.kk-krnov.cz\/wp-content\/uploads\/2022\/09\/IMG_20210118_153139-768x1024.jpg\",\"datePublished\":\"2023-09-28T13:19:00+00:00\",\"dateModified\":\"2023-10-16T17:07:06+00:00\",\"breadcrumb\":{\"@id\":\"https:\/\/www.kk-krnov.cz\/?page_id=1113#breadcrumb\"},\"inLanguage\":\"cs\",\"potentialAction\":[{\"@type\":\"ReadAction\",\"target\":[\"https:\/\/www.kk-krnov.cz\/?page_id=1113\"]}]},{\"@type\":\"ImageObject\",\"inLanguage\":\"cs\",\"@id\":\"https:\/\/www.kk-krnov.cz\/?page_id=1113#primaryimage\",\"url\":\"https:\/\/www.kk-krnov.cz\/wp-content\/uploads\/2022\/09\/IMG_20210118_153139-scaled.jpg\",\"contentUrl\":\"https:\/\/www.kk-krnov.cz\/wp-content\/uploads\/2022\/09\/IMG_20210118_153139-scaled.jpg\",\"width\":1920,\"height\":2560,\"caption\":\"v\u011b\u017e\"},{\"@type\":\"BreadcrumbList\",\"@id\":\"https:\/\/www.kk-krnov.cz\/?page_id=1113#breadcrumb\",\"itemListElement\":[{\"@type\":\"ListItem\",\"position\":1,\"name\":\"Dom\u016f\",\"item\":\"https:\/\/www.kk-krnov.cz\/\"},{\"@type\":\"ListItem\",\"position\":2,\"name\":\"KK-Dekor &#8211; v\u00fdroba dekora\u010dn\u00edch a u\u017eitn\u00fdch p\u0159edm\u011bt\u016f\"}]},{\"@type\":\"WebSite\",\"@id\":\"https:\/\/www.kk-krnov.cz\/#website\",\"url\":\"https:\/\/www.kk-krnov.cz\/\",\"name\":\"www.kk-krnov.cz\",\"description\":\"Zak\u00e1zkov\u00e1 v\u00fdroba speci\u00e1ln\u00edch stroj\u016f a dekora\u010dn\u00edch p\u0159edm\u011bt\u016f na m\u00edru\",\"publisher\":{\"@id\":\"https:\/\/www.kk-krnov.cz\/#organization\"},\"potentialAction\":[{\"@type\":\"SearchAction\",\"target\":{\"@type\":\"EntryPoint\",\"urlTemplate\":\"https:\/\/www.kk-krnov.cz\/?s={search_term_string}\"},\"query-input\":\"required name=search_term_string\"}],\"inLanguage\":\"cs\"},{\"@type\":\"Organization\",\"@id\":\"https:\/\/www.kk-krnov.cz\/#organization\",\"name\":\"Martin Jakub\u00edk\",\"url\":\"https:\/\/www.kk-krnov.cz\/\",\"logo\":{\"@type\":\"ImageObject\",\"inLanguage\":\"cs\",\"@id\":\"https:\/\/www.kk-krnov.cz\/#\/schema\/logo\/image\/\",\"url\":\"https:\/\/www.kk-krnov.cz\/wp-content\/uploads\/2023\/09\/logo-martin-jakubik.png\",\"contentUrl\":\"https:\/\/www.kk-krnov.cz\/wp-content\/uploads\/2023\/09\/logo-martin-jakubik.png\",\"width\":530,\"height\":247,\"caption\":\"Martin Jakub\u00edk\"},\"image\":{\"@id\":\"https:\/\/www.kk-krnov.cz\/#\/schema\/logo\/image\/\"},\"sameAs\":[\"https:\/\/www.facebook.com\/martin.jakubik.391\/\"]}]}<\/script>\n<!-- \/ Yoast SEO plugin. -->","yoast_head_json":{"title":"KK-Dekor - v\u00fdroba dekora\u010dn\u00edch a u\u017eitn\u00fdch p\u0159edm\u011bt\u016f - www.kk-krnov.cz","robots":{"index":"index","follow":"follow","max-snippet":"max-snippet:-1","max-image-preview":"max-image-preview:large","max-video-preview":"max-video-preview:-1"},"canonical":"https:\/\/www.kk-krnov.cz\/?page_id=1113","og_locale":"cs_CZ","og_type":"article","og_title":"KK-Dekor - v\u00fdroba dekora\u010dn\u00edch a u\u017eitn\u00fdch p\u0159edm\u011bt\u016f - www.kk-krnov.cz","og_description":"3D tisk P\u00edskov\u00e1n\u00ed skla Laserov\u00e9 grav\u00edrov\u00e1n\u00ed","og_url":"https:\/\/www.kk-krnov.cz\/?page_id=1113","og_site_name":"www.kk-krnov.cz","article_publisher":"https:\/\/www.facebook.com\/martin.jakubik.391\/","article_modified_time":"2023-10-16T17:07:06+00:00","og_image":[{"url":"http:\/\/www.kk-krnov.cz\/wp-content\/uploads\/2022\/09\/IMG_20210118_153139-768x1024.jpg"}],"twitter_card":"summary_large_image","twitter_misc":{"Odhadovan\u00e1 doba \u010dten\u00ed":"1 minuta"},"schema":{"@context":"https:\/\/schema.org","@graph":[{"@type":"WebPage","@id":"https:\/\/www.kk-krnov.cz\/?page_id=1113","url":"https:\/\/www.kk-krnov.cz\/?page_id=1113","name":"KK-Dekor - v\u00fdroba dekora\u010dn\u00edch a u\u017eitn\u00fdch p\u0159edm\u011bt\u016f - www.kk-krnov.cz","isPartOf":{"@id":"https:\/\/www.kk-krnov.cz\/#website"},"primaryImageOfPage":{"@id":"https:\/\/www.kk-krnov.cz\/?page_id=1113#primaryimage"},"image":{"@id":"https:\/\/www.kk-krnov.cz\/?page_id=1113#primaryimage"},"thumbnailUrl":"http:\/\/www.kk-krnov.cz\/wp-content\/uploads\/2022\/09\/IMG_20210118_153139-768x1024.jpg","datePublished":"2023-09-28T13:19:00+00:00","dateModified":"2023-10-16T17:07:06+00:00","breadcrumb":{"@id":"https:\/\/www.kk-krnov.cz\/?page_id=1113#breadcrumb"},"inLanguage":"cs","potentialAction":[{"@type":"ReadAction","target":["https:\/\/www.kk-krnov.cz\/?page_id=1113"]}]},{"@type":"ImageObject","inLanguage":"cs","@id":"https:\/\/www.kk-krnov.cz\/?page_id=1113#primaryimage","url":"https:\/\/www.kk-krnov.cz\/wp-content\/uploads\/2022\/09\/IMG_20210118_153139-scaled.jpg","contentUrl":"https:\/\/www.kk-krnov.cz\/wp-content\/uploads\/2022\/09\/IMG_20210118_153139-scaled.jpg","width":1920,"height":2560,"caption":"v\u011b\u017e"},{"@type":"BreadcrumbList","@id":"https:\/\/www.kk-krnov.cz\/?page_id=1113#breadcrumb","itemListElement":[{"@type":"ListItem","position":1,"name":"Dom\u016f","item":"https:\/\/www.kk-krnov.cz\/"},{"@type":"ListItem","position":2,"name":"KK-Dekor &#8211; v\u00fdroba dekora\u010dn\u00edch a u\u017eitn\u00fdch p\u0159edm\u011bt\u016f"}]},{"@type":"WebSite","@id":"https:\/\/www.kk-krnov.cz\/#website","url":"https:\/\/www.kk-krnov.cz\/","name":"www.kk-krnov.cz","description":"Zak\u00e1zkov\u00e1 v\u00fdroba speci\u00e1ln\u00edch stroj\u016f a dekora\u010dn\u00edch p\u0159edm\u011bt\u016f na m\u00edru","publisher":{"@id":"https:\/\/www.kk-krnov.cz\/#organization"},"potentialAction":[{"@type":"SearchAction","target":{"@type":"EntryPoint","urlTemplate":"https:\/\/www.kk-krnov.cz\/?s={search_term_string}"},"query-input":"required name=search_term_string"}],"inLanguage":"cs"},{"@type":"Organization","@id":"https:\/\/www.kk-krnov.cz\/#organization","name":"Martin Jakub\u00edk","url":"https:\/\/www.kk-krnov.cz\/","logo":{"@type":"ImageObject","inLanguage":"cs","@id":"https:\/\/www.kk-krnov.cz\/#\/schema\/logo\/image\/","url":"https:\/\/www.kk-krnov.cz\/wp-content\/uploads\/2023\/09\/logo-martin-jakubik.png","contentUrl":"https:\/\/www.kk-krnov.cz\/wp-content\/uploads\/2023\/09\/logo-martin-jakubik.png","width":530,"height":247,"caption":"Martin Jakub\u00edk"},"image":{"@id":"https:\/\/www.kk-krnov.cz\/#\/schema\/logo\/image\/"},"sameAs":["https:\/\/www.facebook.com\/martin.jakubik.391\/"]}]}},"jetpack_sharing_enabled":true,"_links":{"self":[{"href":"https:\/\/www.kk-krnov.cz\/index.php?rest_route=\/wp\/v2\/pages\/1113","targetHints":{"allow":["GET"]}}],"collection":[{"href":"https:\/\/www.kk-krnov.cz\/index.php?rest_route=\/wp\/v2\/pages"}],"about":[{"href":"https:\/\/www.kk-krnov.cz\/index.php?rest_route=\/wp\/v2\/types\/page"}],"author":[{"embeddable":true,"href":"https:\/\/www.kk-krnov.cz\/index.php?rest_route=\/wp\/v2\/users\/1"}],"replies":[{"embeddable":true,"href":"https:\/\/www.kk-krnov.cz\/index.php?rest_route=%2Fwp%2Fv2%2Fcomments&post=1113"}],"version-history":[{"count":13,"href":"https:\/\/www.kk-krnov.cz\/index.php?rest_route=\/wp\/v2\/pages\/1113\/revisions"}],"predecessor-version":[{"id":1244,"href":"https:\/\/www.kk-krnov.cz\/index.php?rest_route=\/wp\/v2\/pages\/1113\/revisions\/1244"}],"wp:attachment":[{"href":"https:\/\/www.kk-krnov.cz\/index.php?rest_route=%2Fwp%2Fv2%2Fmedia&parent=1113"}],"curies":[{"name":"wp","href":"https:\/\/api.w.org\/{rel}","templated":true}]}}